{"id":3954,"date":"2022-10-19T11:13:26","date_gmt":"2022-10-19T16:13:26","guid":{"rendered":"https:\/\/lotusjeans.com.co\/?post_type=product&#038;p=3954"},"modified":"2026-04-06T15:22:43","modified_gmt":"2026-04-06T20:22:43","slug":"blazer-kathe","status":"publish","type":"product","link":"https:\/\/lotusjeans.com.co\/index.php\/product\/blazer-kathe\/","title":{"rendered":"Blazer Kathe"},"content":{"rendered":"","protected":false},"excerpt":{"rendered":"<p>Blazer oversize disponible en \u00fanico color y dise\u00f1o, ideal para complementar tus outfits en cualquier ocasi\u00f3n.<\/p>\n<p>Si deseas comprar m\u00e1s de 5 productos de la misma referencia<br \/>\nCONVIERTE EN UN DISTRIBUIDOR<\/p>\n","protected":false},"featured_media":3957,"comment_status":"open","ping_status":"closed","template":"","meta":{"_joinchat":[]},"product_brand":[],"product_cat":[17],"product_tag":[229,348,429,428],"class_list":{"0":"post-3954","1":"product","2":"type-product","3":"status-publish","4":"has-post-thumbnail","6":"product_cat-dama","7":"product_tag-blazer-casual","8":"product_tag-blazer-largo","9":"product_tag-blazer-oversize","10":"product_tag-blazers","12":"first","13":"instock","14":"shipping-taxable","15":"purchasable","16":"product-type-variable"},"_links":{"self":[{"href":"https:\/\/lotusjeans.com.co\/index.php\/wp-json\/wp\/v2\/product\/3954","targetHints":{"allow":["GET"]}}],"collection":[{"href":"https:\/\/lotusjeans.com.co\/index.php\/wp-json\/wp\/v2\/product"}],"about":[{"href":"https:\/\/lotusjeans.com.co\/index.php\/wp-json\/wp\/v2\/types\/product"}],"replies":[{"embeddable":true,"href":"https:\/\/lotusjeans.com.co\/index.php\/wp-json\/wp\/v2\/comments?post=3954"}],"wp:featuredmedia":[{"embeddable":true,"href":"https:\/\/lotusjeans.com.co\/index.php\/wp-json\/wp\/v2\/media\/3957"}],"wp:attachment":[{"href":"https:\/\/lotusjeans.com.co\/index.php\/wp-json\/wp\/v2\/media?parent=3954"}],"wp:term":[{"taxonomy":"product_brand","embeddable":true,"href":"https:\/\/lotusjeans.com.co\/index.php\/wp-json\/wp\/v2\/product_brand?post=3954"},{"taxonomy":"product_cat","embeddable":true,"href":"https:\/\/lotusjeans.com.co\/index.php\/wp-json\/wp\/v2\/product_cat?post=3954"},{"taxonomy":"product_tag","embeddable":true,"href":"https:\/\/lotusjeans.com.co\/index.php\/wp-json\/wp\/v2\/product_tag?post=3954"}],"curies":[{"name":"wp","href":"https:\/\/api.w.org\/{rel}","templated":true}]}}