{"id":1842,"date":"2021-08-26T12:46:46","date_gmt":"2021-08-26T17:46:46","guid":{"rendered":"https:\/\/lotusjeans.com.co\/?post_type=product&#038;p=1842"},"modified":"2023-11-20T11:54:39","modified_gmt":"2023-11-20T16:54:39","slug":"fedoras","status":"publish","type":"product","link":"https:\/\/lotusjeans.com.co\/index.php\/product\/fedoras\/","title":{"rendered":"Fedoras"},"content":{"rendered":"","protected":false},"excerpt":{"rendered":"<p>Sombrero\u00a0 de ala ancha con detalle correa de cuero sint\u00e9tico, talla ajustable en la badana interior, composici\u00f3n 100% Algod\u00f3n, disponible en varios colores.<\/p>\n<p>Si deseas comprar m\u00e1s de 5 productos de la misma referencia<br \/>\n<a href=\"https:\/\/lotusjeans.com.co\/index.php\/distribuidor\/\">CONVIERTE EN UN DISTRIBUIDOR<\/a><\/p>\n","protected":false},"featured_media":3649,"comment_status":"open","ping_status":"closed","template":"","meta":{"_joinchat":[]},"product_brand":[],"product_cat":[165],"product_tag":[240,241,242,243],"class_list":{"0":"post-1842","1":"product","2":"type-product","3":"status-publish","4":"has-post-thumbnail","6":"product_cat-accesorios","7":"product_tag-fedoras","8":"product_tag-sombrero","9":"product_tag-sombrero-ancho","10":"product_tag-sombrero-colores","12":"first","13":"instock","14":"shipping-taxable","15":"purchasable","16":"product-type-variable"},"_links":{"self":[{"href":"https:\/\/lotusjeans.com.co\/index.php\/wp-json\/wp\/v2\/product\/1842","targetHints":{"allow":["GET"]}}],"collection":[{"href":"https:\/\/lotusjeans.com.co\/index.php\/wp-json\/wp\/v2\/product"}],"about":[{"href":"https:\/\/lotusjeans.com.co\/index.php\/wp-json\/wp\/v2\/types\/product"}],"replies":[{"embeddable":true,"href":"https:\/\/lotusjeans.com.co\/index.php\/wp-json\/wp\/v2\/comments?post=1842"}],"wp:featuredmedia":[{"embeddable":true,"href":"https:\/\/lotusjeans.com.co\/index.php\/wp-json\/wp\/v2\/media\/3649"}],"wp:attachment":[{"href":"https:\/\/lotusjeans.com.co\/index.php\/wp-json\/wp\/v2\/media?parent=1842"}],"wp:term":[{"taxonomy":"product_brand","embeddable":true,"href":"https:\/\/lotusjeans.com.co\/index.php\/wp-json\/wp\/v2\/product_brand?post=1842"},{"taxonomy":"product_cat","embeddable":true,"href":"https:\/\/lotusjeans.com.co\/index.php\/wp-json\/wp\/v2\/product_cat?post=1842"},{"taxonomy":"product_tag","embeddable":true,"href":"https:\/\/lotusjeans.com.co\/index.php\/wp-json\/wp\/v2\/product_tag?post=1842"}],"curies":[{"name":"wp","href":"https:\/\/api.w.org\/{rel}","templated":true}]}}